{"id":171,"date":"2024-04-07T16:55:58","date_gmt":"2024-04-07T16:55:58","guid":{"rendered":"https:\/\/westcar.eu\/?page_id=171"},"modified":"2024-04-07T19:44:20","modified_gmt":"2024-04-07T19:44:20","slug":"elementor-171","status":"publish","type":"page","link":"https:\/\/www.westcar.eu\/en\/elementor-171\/","title":{"rendered":"Hooldus"},"content":{"rendered":"<div data-elementor-type=\"wp-page\" data-elementor-id=\"171\" class=\"elementor elementor-171\">\n\t\t\t\t<div class=\"elementor-element elementor-element-4e17890 e-flex e-con-boxed e-con e-parent\" data-id=\"4e17890\" data-element_type=\"container\" data-settings=\"{&quot;_ob_use_container_extras&quot;:&quot;no&quot;,&quot;_ob_column_hoveranimator&quot;:&quot;no&quot;,&quot;_ob_glider_is_slider&quot;:&quot;no&quot;,&quot;_ob_column_has_pseudo&quot;:&quot;no&quot;}\" data-core-v316-plus=\"true\">\n\t\t\t\t\t<div class=\"e-con-inner\">\n\t\t\t\t<div class=\"elementor-element elementor-element-0e928a3 ob-harakiri-inherit ob-has-background-overlay elementor-widget elementor-widget-text-editor\" data-id=\"0e928a3\" data-element_type=\"widget\" data-settings=\"{&quot;_ob_use_harakiri&quot;:&quot;yes&quot;,&quot;_ob_harakiri_writing_mode&quot;:&quot;inherit&quot;,&quot;_ob_postman_use&quot;:&quot;no&quot;,&quot;_ob_perspektive_use&quot;:&quot;no&quot;,&quot;_ob_poopart_use&quot;:&quot;yes&quot;,&quot;_ob_shadough_use&quot;:&quot;no&quot;,&quot;_ob_allow_hoveranimator&quot;:&quot;no&quot;,&quot;_ob_widget_stalker_use&quot;:&quot;no&quot;}\" data-widget_type=\"text-editor.default\">\n\t\t\t\t<div class=\"elementor-widget-container\">\n\t\t\t<style>\/*! elementor - v3.20.0 - 26-03-2024 *\/\n.elementor-widget-text-editor.elementor-drop-cap-view-stacked .elementor-drop-cap{background-color:#69727d;color:#fff}.elementor-widget-text-editor.elementor-drop-cap-view-framed .elementor-drop-cap{color:#69727d;border:3px solid;background-color:transparent}.elementor-widget-text-editor:not(.elementor-drop-cap-view-default) .elementor-drop-cap{margin-top:8px}.elementor-widget-text-editor:not(.elementor-drop-cap-view-default) .elementor-drop-cap-letter{width:1em;height:1em}.elementor-widget-text-editor .elementor-drop-cap{float:left;text-align:center;line-height:1;font-size:50px}.elementor-widget-text-editor .elementor-drop-cap-letter{display:inline-block}<\/style>\t\t\t\t<h1>Vabandame ebamugavuste p\u00e4rast!<\/h1>\t\t\t\t\t\t<\/div>\n\t\t\t\t<\/div>\n\t\t\t\t<div class=\"elementor-element elementor-element-4538dff ob-harakiri-inherit ob-has-background-overlay elementor-widget elementor-widget-text-editor\" data-id=\"4538dff\" data-element_type=\"widget\" data-settings=\"{&quot;_ob_use_harakiri&quot;:&quot;yes&quot;,&quot;_ob_harakiri_writing_mode&quot;:&quot;inherit&quot;,&quot;_ob_postman_use&quot;:&quot;no&quot;,&quot;_ob_perspektive_use&quot;:&quot;no&quot;,&quot;_ob_poopart_use&quot;:&quot;yes&quot;,&quot;_ob_shadough_use&quot;:&quot;no&quot;,&quot;_ob_allow_hoveranimator&quot;:&quot;no&quot;,&quot;_ob_widget_stalker_use&quot;:&quot;no&quot;}\" data-widget_type=\"text-editor.default\">\n\t\t\t\t<div class=\"elementor-widget-container\">\n\t\t\t\t\t\t\t<p style=\"text-align: center;\">Broneerimise leht on hetkel hoolduses.<\/p><p>\u00a0<\/p><p style=\"text-align: center;\">Palun v\u00f5tke meiega \u00fchendust telefoni v\u00f5i <span id=\"x188_30_nao\" class=\"nao\" lang=\"et\">e-posti<\/span>\u00a0teel!<\/p>\t\t\t\t\t\t<\/div>\n\t\t\t\t<\/div>\n\t\t\t\t\t<\/div>\n\t\t\t\t<\/div>\n\t\t<div class=\"elementor-element elementor-element-35f6cc8 e-grid e-con-boxed e-con e-parent\" data-id=\"35f6cc8\" data-element_type=\"container\" data-settings=\"{&quot;_ob_use_container_extras&quot;:&quot;no&quot;,&quot;_ob_column_hoveranimator&quot;:&quot;no&quot;,&quot;_ob_glider_is_slider&quot;:&quot;no&quot;,&quot;_ob_column_has_pseudo&quot;:&quot;no&quot;}\" data-core-v316-plus=\"true\">\n\t\t\t\t\t<div class=\"e-con-inner\">\n\t\t\t\t\t<\/div>\n\t\t\t\t<\/div>\n\t\t\t\t<\/div>","protected":false},"excerpt":{"rendered":"<p>Vabandame ebamugavuste p\u00e4rast! Broneerimise leht on hetkel hoolduses. \u00a0 Palun v\u00f5tke meiega \u00fchendust telefoni v\u00f5i e-posti\u00a0teel!<\/p>","protected":false},"author":1,"featured_media":0,"parent":0,"menu_order":0,"comment_status":"closed","ping_status":"closed","template":"","meta":{"footnotes":""},"class_list":["post-171","page","type-page","status-publish","hentry"],"yoast_head":"<!-- This site is optimized with the Yoast SEO plugin v22.4 - https:\/\/yoast.com\/wordpress\/plugins\/seo\/ -->\n<title>Hooldus West Car O\u00dc -<\/title>\n<meta name=\"robots\" content=\"index, follow, max-snippet:-1, max-image-preview:large, max-video-preview:-1\" \/>\n<link rel=\"canonical\" href=\"https:\/\/www.westcar.eu\/en\/elementor-171\/\" \/>\n<meta property=\"og:locale\" content=\"en_US\" \/>\n<meta property=\"og:type\" content=\"article\" \/>\n<meta property=\"og:title\" content=\"Hooldus West Car O\u00dc -\" \/>\n<meta property=\"og:description\" content=\"Vabandame ebamugavuste p\u00e4rast! Broneerimise leht on hetkel hoolduses. \u00a0 Palun v\u00f5tke meiega \u00fchendust telefoni v\u00f5i e-posti\u00a0teel!\" \/>\n<meta property=\"og:url\" content=\"https:\/\/www.westcar.eu\/en\/elementor-171\/\" \/>\n<meta property=\"og:site_name\" content=\"West Car O\u00dc\" \/>\n<meta property=\"article:publisher\" content=\"https:\/\/www.facebook.com\/p\/West-Car-O-100054377117355\/?paipv=0&amp;eav=AfbjJMCjg8zI7Ayik29Nd6ZGUqjYuOvKhpin28o4aLfLzVg9e16vihRkz8Z6nEXEd-I&amp;_rdr\" \/>\n<meta property=\"article:modified_time\" content=\"2024-04-07T19:44:20+00:00\" \/>\n<meta name=\"twitter:card\" content=\"summary_large_image\" \/>\n<script type=\"application\/ld+json\" class=\"yoast-schema-graph\">{\"@context\":\"https:\/\/schema.org\",\"@graph\":[{\"@type\":\"WebPage\",\"@id\":\"https:\/\/www.westcar.eu\/elementor-171\/\",\"url\":\"https:\/\/www.westcar.eu\/elementor-171\/\",\"name\":\"Hooldus West Car O\u00dc -\",\"isPartOf\":{\"@id\":\"https:\/\/westcar.eu\/#website\"},\"datePublished\":\"2024-04-07T16:55:58+00:00\",\"dateModified\":\"2024-04-07T19:44:20+00:00\",\"breadcrumb\":{\"@id\":\"https:\/\/www.westcar.eu\/elementor-171\/#breadcrumb\"},\"inLanguage\":\"en-US\",\"potentialAction\":[{\"@type\":\"ReadAction\",\"target\":[\"https:\/\/www.westcar.eu\/elementor-171\/\"]}]},{\"@type\":\"BreadcrumbList\",\"@id\":\"https:\/\/www.westcar.eu\/elementor-171\/#breadcrumb\",\"itemListElement\":[{\"@type\":\"ListItem\",\"position\":1,\"name\":\"Home\",\"item\":\"https:\/\/westcar.eu\/\"},{\"@type\":\"ListItem\",\"position\":2,\"name\":\"Hooldus\"}]},{\"@type\":\"WebSite\",\"@id\":\"https:\/\/westcar.eu\/#website\",\"url\":\"https:\/\/westcar.eu\/\",\"name\":\"Westcar O\u00dc\",\"description\":\"\",\"publisher\":{\"@id\":\"https:\/\/westcar.eu\/#organization\"},\"potentialAction\":[{\"@type\":\"SearchAction\",\"target\":{\"@type\":\"EntryPoint\",\"urlTemplate\":\"https:\/\/westcar.eu\/?s={search_term_string}\"},\"query-input\":\"required name=search_term_string\"}],\"inLanguage\":\"en-US\"},{\"@type\":\"Organization\",\"@id\":\"https:\/\/westcar.eu\/#organization\",\"name\":\"Westcar O\u00dc\",\"url\":\"https:\/\/westcar.eu\/\",\"logo\":{\"@type\":\"ImageObject\",\"inLanguage\":\"en-US\",\"@id\":\"https:\/\/westcar.eu\/#\/schema\/logo\/image\/\",\"url\":\"https:\/\/www.westcar.eu\/wp-content\/uploads\/2024\/04\/cropped-logowescar2.png\",\"contentUrl\":\"https:\/\/www.westcar.eu\/wp-content\/uploads\/2024\/04\/cropped-logowescar2.png\",\"width\":300,\"height\":67,\"caption\":\"Westcar O\u00dc\"},\"image\":{\"@id\":\"https:\/\/westcar.eu\/#\/schema\/logo\/image\/\"},\"sameAs\":[\"https:\/\/www.facebook.com\/p\/West-Car-O-100054377117355\/?paipv=0&eav=AfbjJMCjg8zI7Ayik29Nd6ZGUqjYuOvKhpin28o4aLfLzVg9e16vihRkz8Z6nEXEd-I&_rdr\"]}]}<\/script>\n<!-- \/ Yoast SEO plugin. -->","yoast_head_json":{"title":"Hooldus West Car O\u00dc -","robots":{"index":"index","follow":"follow","max-snippet":"max-snippet:-1","max-image-preview":"max-image-preview:large","max-video-preview":"max-video-preview:-1"},"canonical":"https:\/\/www.westcar.eu\/en\/elementor-171\/","og_locale":"en_US","og_type":"article","og_title":"Hooldus West Car O\u00dc -","og_description":"Vabandame ebamugavuste p\u00e4rast! Broneerimise leht on hetkel hoolduses. \u00a0 Palun v\u00f5tke meiega \u00fchendust telefoni v\u00f5i e-posti\u00a0teel!","og_url":"https:\/\/www.westcar.eu\/en\/elementor-171\/","og_site_name":"West Car O\u00dc","article_publisher":"https:\/\/www.facebook.com\/p\/West-Car-O-100054377117355\/?paipv=0&eav=AfbjJMCjg8zI7Ayik29Nd6ZGUqjYuOvKhpin28o4aLfLzVg9e16vihRkz8Z6nEXEd-I&_rdr","article_modified_time":"2024-04-07T19:44:20+00:00","twitter_card":"summary_large_image","schema":{"@context":"https:\/\/schema.org","@graph":[{"@type":"WebPage","@id":"https:\/\/www.westcar.eu\/elementor-171\/","url":"https:\/\/www.westcar.eu\/elementor-171\/","name":"Hooldus West Car O\u00dc -","isPartOf":{"@id":"https:\/\/westcar.eu\/#website"},"datePublished":"2024-04-07T16:55:58+00:00","dateModified":"2024-04-07T19:44:20+00:00","breadcrumb":{"@id":"https:\/\/www.westcar.eu\/elementor-171\/#breadcrumb"},"inLanguage":"en-US","potentialAction":[{"@type":"ReadAction","target":["https:\/\/www.westcar.eu\/elementor-171\/"]}]},{"@type":"BreadcrumbList","@id":"https:\/\/www.westcar.eu\/elementor-171\/#breadcrumb","itemListElement":[{"@type":"ListItem","position":1,"name":"Home","item":"https:\/\/westcar.eu\/"},{"@type":"ListItem","position":2,"name":"Hooldus"}]},{"@type":"WebSite","@id":"https:\/\/westcar.eu\/#website","url":"https:\/\/westcar.eu\/","name":"Westcar O\u00dc","description":"","publisher":{"@id":"https:\/\/westcar.eu\/#organization"},"potentialAction":[{"@type":"SearchAction","target":{"@type":"EntryPoint","urlTemplate":"https:\/\/westcar.eu\/?s={search_term_string}"},"query-input":"required name=search_term_string"}],"inLanguage":"en-US"},{"@type":"Organization","@id":"https:\/\/westcar.eu\/#organization","name":"Westcar O\u00dc","url":"https:\/\/westcar.eu\/","logo":{"@type":"ImageObject","inLanguage":"en-US","@id":"https:\/\/westcar.eu\/#\/schema\/logo\/image\/","url":"https:\/\/www.westcar.eu\/wp-content\/uploads\/2024\/04\/cropped-logowescar2.png","contentUrl":"https:\/\/www.westcar.eu\/wp-content\/uploads\/2024\/04\/cropped-logowescar2.png","width":300,"height":67,"caption":"Westcar O\u00dc"},"image":{"@id":"https:\/\/westcar.eu\/#\/schema\/logo\/image\/"},"sameAs":["https:\/\/www.facebook.com\/p\/West-Car-O-100054377117355\/?paipv=0&eav=AfbjJMCjg8zI7Ayik29Nd6ZGUqjYuOvKhpin28o4aLfLzVg9e16vihRkz8Z6nEXEd-I&_rdr"]}]}},"_links":{"self":[{"href":"https:\/\/www.westcar.eu\/en\/wp-json\/wp\/v2\/pages\/171","targetHints":{"allow":["GET"]}}],"collection":[{"href":"https:\/\/www.westcar.eu\/en\/wp-json\/wp\/v2\/pages"}],"about":[{"href":"https:\/\/www.westcar.eu\/en\/wp-json\/wp\/v2\/types\/page"}],"author":[{"embeddable":true,"href":"https:\/\/www.westcar.eu\/en\/wp-json\/wp\/v2\/users\/1"}],"replies":[{"embeddable":true,"href":"https:\/\/www.westcar.eu\/en\/wp-json\/wp\/v2\/comments?post=171"}],"version-history":[{"count":5,"href":"https:\/\/www.westcar.eu\/en\/wp-json\/wp\/v2\/pages\/171\/revisions"}],"predecessor-version":[{"id":351,"href":"https:\/\/www.westcar.eu\/en\/wp-json\/wp\/v2\/pages\/171\/revisions\/351"}],"wp:attachment":[{"href":"https:\/\/www.westcar.eu\/en\/wp-json\/wp\/v2\/media?parent=171"}],"curies":[{"name":"wp","href":"https:\/\/api.w.org\/{rel}","templated":true}]}}